{"id":1718,"date":"2018-08-07T16:27:53","date_gmt":"2018-08-07T13:27:53","guid":{"rendered":"http:\/\/uusi.syotteenerapalvelut.fi\/?page_id=1718"},"modified":"2025-06-23T14:32:00","modified_gmt":"2025-06-23T11:32:00","slug":"husky-safaris","status":"publish","type":"page","link":"https:\/\/uusi.syotteenerapalvelut.fi\/index.php\/en\/husky-safaris\/","title":{"rendered":"Husky Safaris"},"content":{"rendered":"<h2>Koiravaljakko tutustuttaa Sy\u00f6tteen upeisiin maisemiin<\/h2>\n<p>Koiravaljakkoajelu hangen naristessa ymp\u00e4rill\u00e4 ja innokkaiden koirien puuskuttaessa vauhdilla eteenp\u00e4in on el\u00e4mys, joka pohjoisenk\u00e4vij\u00e4n kannattaa kokea! Lis\u00e4ksi voit vierailla ymp\u00e4ri vuoden koiratarhallamme, jossa suunnilleen sata Siperianhuskya tervehtii tulijoita iloisin h\u00e4nn\u00e4nheilutuksin. Koiravaljakkoajelu vie sinut kauas arjesta nauttimaan luonnosta ja talvisista maisemista.<\/p>\n<h3>Koiravaljakkosafarit koostuvat seuraavista retkist\u00e4:<\/h3>\n<p><strong>Lyhyt koiravaljakkosafari<\/strong><br \/>\nVarustautuminen huskytarhalla, jossa meille esitell\u00e4\u00e4n koiravaljakot ja annetaan ajo-ohjeet. Sitten l\u00e4hdemme n. 6 kilometrin mittaiselle safarille &#8211; kaksi henkil\u00f6\u00e4\/valjakko. Ajoreitti kulkee l\u00e4pi lumisen mets\u00e4n ja safari kest\u00e4\u00e4 noin 30 minuuttia. Safarin p\u00e4\u00e4tteeksi nautimme pullakahvit kodassa.<\/p>\n<ul>\n<li>Ohjelman kokonaiskesto n. 2 tuntia<\/li>\n<\/ul>\n<p><strong>Koiravaljakkosafari 12 km<\/strong><br \/>\nVarustautuminen huskytarhalla, jossa meille esitell\u00e4\u00e4n koiravaljakot ja annetaan ajo-ohjeet. Sitten l\u00e4hdemme n.12 km:n mittaiselle safarille kaksi henkil\u00f6\u00e4\/valjakko. Ajoreitti kulkee l\u00e4pi lumisen mets\u00e4n ja safari kest\u00e4\u00e4 noin tunnin. Safarin p\u00e4\u00e4tteeksi nautimme pullakahvit kodassa.<\/p>\n<ul>\n<li>Ohjelman kesto n. 2,5 tuntia.<\/li>\n<\/ul>\n<p><strong>P\u00e4iv\u00e4n koiravaljakkosafari<\/strong><br \/>\nVarustautuminen huskytarhalla, jossa tutustumme koiravaljakkoihin ja saamme ajo-ohjeet. Sitten l\u00e4hdemme safarille, kaksi henkil\u00f6\u00e4\/valjakko. Reitti kulkee kauniissa Sy\u00f6tteen kansallispuistossa l\u00e4pi lumisten metsien. Safarin aikana pys\u00e4hdymme nauttimaan retkilounaan kodassa. Reitin pituus on noin 20-30 km ja ohjelman kesto kokonaisuudessaan n. 4-5 tuntia.<\/p>\n","protected":false},"excerpt":{"rendered":"<p>Koiravaljakko tutustuttaa Sy\u00f6tteen upeisiin maisemiin Koiravaljakkoajelu hangen naristessa ymp\u00e4rill\u00e4 ja innokkaiden koirien puuskuttaessa vauhdilla eteenp\u00e4in on el\u00e4mys, joka pohjoisenk\u00e4vij\u00e4n kannattaa kokea! Lis\u00e4ksi voit vierailla ymp\u00e4ri vuoden koiratarhallamme, jossa suunnilleen sata Siperianhuskya tervehtii tulijoita iloisin h\u00e4nn\u00e4nheilutuksin. Koiravaljakkoajelu vie sinut kauas arjesta nauttimaan luonnosta ja talvisista maisemista. Koiravaljakkosafarit koostuvat seuraavista retkist\u00e4: Lyhyt koiravaljakkosafari Varustautuminen huskytarhalla, jossa meille&hellip;<\/p>\n","protected":false},"author":1,"featured_media":0,"parent":0,"menu_order":0,"comment_status":"closed","ping_status":"closed","template":"templates\/flexible.php","meta":[],"lang":"en","translations":{"fi":18,"en":1718},"_links":{"self":[{"href":"https:\/\/uusi.syotteenerapalvelut.fi\/index.php\/wp-json\/wp\/v2\/pages\/1718"}],"collection":[{"href":"https:\/\/uusi.syotteenerapalvelut.fi\/index.php\/wp-json\/wp\/v2\/pages"}],"about":[{"href":"https:\/\/uusi.syotteenerapalvelut.fi\/index.php\/wp-json\/wp\/v2\/types\/page"}],"author":[{"embeddable":true,"href":"https:\/\/uusi.syotteenerapalvelut.fi\/index.php\/wp-json\/wp\/v2\/users\/1"}],"replies":[{"embeddable":true,"href":"https:\/\/uusi.syotteenerapalvelut.fi\/index.php\/wp-json\/wp\/v2\/comments?post=1718"}],"version-history":[{"count":10,"href":"https:\/\/uusi.syotteenerapalvelut.fi\/index.php\/wp-json\/wp\/v2\/pages\/1718\/revisions"}],"predecessor-version":[{"id":1905,"href":"https:\/\/uusi.syotteenerapalvelut.fi\/index.php\/wp-json\/wp\/v2\/pages\/1718\/revisions\/1905"}],"wp:attachment":[{"href":"https:\/\/uusi.syotteenerapalvelut.fi\/index.php\/wp-json\/wp\/v2\/media?parent=1718"}],"curies":[{"name":"wp","href":"https:\/\/api.w.org\/{rel}","templated":true}]}}