{"id":1807,"date":"2020-09-25T18:38:13","date_gmt":"2020-09-25T15:38:13","guid":{"rendered":"http:\/\/uusi.syotteenerapalvelut.fi\/?page_id=1807"},"modified":"2020-12-29T08:21:48","modified_gmt":"2020-12-29T06:21:48","slug":"syote-husky-kummi","status":"publish","type":"page","link":"https:\/\/uusi.syotteenerapalvelut.fi\/index.php\/etusivu\/syote-husky-kummi\/","title":{"rendered":"Sy\u00f6te Husky-Kummi"},"content":{"rendered":"<p>KUMMIKOIRA TUOTEPERHE SY\u00d6TTEEN ER\u00c4PALVELUT, SY\u00d6TE-KUMMIHUSKY:<\/p>\n<p>Sy\u00f6te-huskykummius rahat k\u00e4ytet\u00e4\u00e4n kummikoirasi ja h\u00e4nen laumansa perustarpeisiin, l\u00e4hinn\u00e4 ravintoon. Yhden huskyn pelk\u00e4n ruuan hinta p\u00e4iv\u00e4ss\u00e4 on euron.<\/p>\n<p>1)Yhden p\u00e4iv\u00e4n huskykummiuspaketti. 3\u20ac (sis. alv 24)<\/p>\n<p>Sis\u00e4lt\u00e4\u00e4 s\u00e4hk\u00f6isesti l\u00e4hetetyn kuvan valitsemastasi laumanj\u00e4senest\u00e4mme ja perustiedot kummikoirastasi (syntym\u00e4aika, is\u00e4 ja em\u00e4)<\/p>\n<p>2) Kuukauden huskykummiuspaketti 30\u20ac\/kk (sis. alv 24) Sis\u00e4lt\u00e4\u00e4 s\u00e4hk\u00f6isesti l\u00e4hetetyn kuvan valitsemastasi laumanj\u00e4senest\u00e4mme ja perustiedot kummikoirastasi (syntym\u00e4aika, is\u00e4 ja em\u00e4) sek\u00e4 s\u00e4hk\u00f6postiisi kuukausikirjeen kummikoiran ja laumansa kuulumisista.<\/p>\n<p>3) Vuoden huskykummiuspaketti 360\u20ac\/vuosi Sis\u00e4lt\u00e4\u00e4 s\u00e4hk\u00f6isesti l\u00e4hetetyn kuvan valitsemastasi laumanj\u00e4senest\u00e4mme ja perustiedot kummikoirastasi (syntym\u00e4aika, is\u00e4 ja em\u00e4) sek\u00e4 s\u00e4hk\u00f6postiisi kuukausikirjeen kummikoiran ja laumansa kuulumisista, lis\u00e4ksi tarhavierailu kummiuden aikana 1-30 henkil\u00f6lle erikseen sovittuna ajankohtana.<\/p>\n<p>Laita valitsemasi Sy\u00f6te-huskykummiuspaketti toive yhteystietoinesi s\u00e4hk\u00f6postiin tai soita tiedot. Annamme tiedot maksusuoritusta varten yhteydenottosi j\u00e4lkeen.<\/p>\n<p>Mik\u00e4li haluat osoittaa maksun ilman etuk\u00e4teisyhteydenottoa laita viestikentt\u00e4\u00e4n haluamasi paketti ja yhteystiedot jotka haluat ilmoittaa. Tilinumero maksusuoritusta varten on FI3153600420152467, saajan nimi Er\u00e4-Ohto Oy<\/p>\n<p>Mik\u00e4li tied\u00e4t jo maksuvaiheessa kummikoirasi nimen lis\u00e4\u00e4 h\u00e4net viestiin.<\/p>\n<p>Kuukausipaketti ja vuosipaketti aloittaa jakson maksup\u00e4iv\u00e4st\u00e4 paketissa m\u00e4\u00e4r\u00e4ytyv\u00e4n jakson ajaksi. Kuukausikummiuden voit keskeytt\u00e4\u00e4 milloin vain j\u00e4tt\u00e4m\u00e4ll\u00e4 maksamatta uutta kuukausimaksua. Mik\u00e4li haluat jatkaa useamman kuukauden voimme l\u00e4hett\u00e4\u00e4 pyynn\u00f6st\u00e4 muistutuksen edellisen jakson p\u00e4\u00e4ttyv\u00e4n\u00e4 p\u00e4iv\u00e4n\u00e4 tai voit maksaa kerralla useamman kuukauden. Vuosipaketissa voimme toimia vastaavalla tavalla. Kuukausi-ja vuosi Sy\u00f6te-huskykummit saavat kuulumiset maksusuoritusta seuraavan kuukauden toisena sunnuntaina.<\/p>\n<p>Kuukausikummius oikeuttaa 20% alennukseen tarhavierailuista ja huskyvaljakkosafareistamme maksettujen kuukausien aikana.<\/p>\n<p>Vuosikummius oikeuttaa 30% alennukseen huskyvaljakkosafareistamme maksetun vuoden aikana. N\u00e4ist\u00e4 sovitaan erikseen puhelimitse tai s\u00e4hk\u00f6postilla.<\/p>\n<p>Mik\u00e4li haluat lis\u00e4tietoja voit ottaa yhteytt\u00e4.<\/p>\n<ol>\n<li>0400-604772,<\/li>\n<\/ol>\n<p>s\u00e4hk\u00f6posti : <a href=\"mailto:johanna.maatta@syotteenerapalvelut.fi\">johanna.maatta@syotteenerapalvelut.fi<\/a><\/p>\n<p>Pid\u00e4t\u00e4mme oikeudet muutoksiin.<\/p>\n","protected":false},"excerpt":{"rendered":"<p>KUMMIKOIRA TUOTEPERHE SY\u00d6TTEEN ER\u00c4PALVELUT, SY\u00d6TE-KUMMIHUSKY: Sy\u00f6te-huskykummius rahat k\u00e4ytet\u00e4\u00e4n kummikoirasi ja h\u00e4nen laumansa perustarpeisiin, l\u00e4hinn\u00e4 ravintoon. Yhden huskyn pelk\u00e4n ruuan hinta p\u00e4iv\u00e4ss\u00e4 on euron. 1)Yhden p\u00e4iv\u00e4n huskykummiuspaketti. 3\u20ac (sis. alv 24) Sis\u00e4lt\u00e4\u00e4 s\u00e4hk\u00f6isesti l\u00e4hetetyn kuvan valitsemastasi laumanj\u00e4senest\u00e4mme ja perustiedot kummikoirastasi (syntym\u00e4aika, is\u00e4 ja em\u00e4) 2) Kuukauden huskykummiuspaketti 30\u20ac\/kk (sis. alv 24) Sis\u00e4lt\u00e4\u00e4 s\u00e4hk\u00f6isesti l\u00e4hetetyn kuvan valitsemastasi&hellip;<\/p>\n","protected":false},"author":4,"featured_media":0,"parent":10,"menu_order":0,"comment_status":"closed","ping_status":"closed","template":"templates\/flexible.php","meta":[],"lang":"fi","translations":{"fi":1807},"_links":{"self":[{"href":"https:\/\/uusi.syotteenerapalvelut.fi\/index.php\/wp-json\/wp\/v2\/pages\/1807"}],"collection":[{"href":"https:\/\/uusi.syotteenerapalvelut.fi\/index.php\/wp-json\/wp\/v2\/pages"}],"about":[{"href":"https:\/\/uusi.syotteenerapalvelut.fi\/index.php\/wp-json\/wp\/v2\/types\/page"}],"author":[{"embeddable":true,"href":"https:\/\/uusi.syotteenerapalvelut.fi\/index.php\/wp-json\/wp\/v2\/users\/4"}],"replies":[{"embeddable":true,"href":"https:\/\/uusi.syotteenerapalvelut.fi\/index.php\/wp-json\/wp\/v2\/comments?post=1807"}],"version-history":[{"count":3,"href":"https:\/\/uusi.syotteenerapalvelut.fi\/index.php\/wp-json\/wp\/v2\/pages\/1807\/revisions"}],"predecessor-version":[{"id":1828,"href":"https:\/\/uusi.syotteenerapalvelut.fi\/index.php\/wp-json\/wp\/v2\/pages\/1807\/revisions\/1828"}],"up":[{"embeddable":true,"href":"https:\/\/uusi.syotteenerapalvelut.fi\/index.php\/wp-json\/wp\/v2\/pages\/10"}],"wp:attachment":[{"href":"https:\/\/uusi.syotteenerapalvelut.fi\/index.php\/wp-json\/wp\/v2\/media?parent=1807"}],"curies":[{"name":"wp","href":"https:\/\/api.w.org\/{rel}","templated":true}]}}