{"id":1894,"date":"2024-04-30T10:16:39","date_gmt":"2024-04-30T07:16:39","guid":{"rendered":"https:\/\/uusi.syotteenerapalvelut.fi\/?page_id=1894"},"modified":"2025-04-15T09:40:03","modified_gmt":"2025-04-15T06:40:03","slug":"guided-summer-safaris","status":"publish","type":"page","link":"https:\/\/uusi.syotteenerapalvelut.fi\/index.php\/en\/guided-summer-safaris\/","title":{"rendered":"Guided summer safaris"},"content":{"rendered":"<div>\n<p>Welcome to Sy\u00f6te&#8217;s summer, where adventures await and memories are made. Our summer services transport you to enchanting landscapes in Sy\u00f6te National Park, where nature invites you to explore and enjoy.<\/p>\n<p>Experience the fascinating power of P\u00e4rj\u00e4njoki on a rivertubing trip. Or maybe you want to immerse yourself in peace and beauty by paddling in the clear waters of Lake Naamanka, where time slows down and your mind rests.<\/p>\n<p>Fishing, huskies, the magic of saunas and peat care &#8211; all this and more await you at Sy\u00f6te. Welcome to experience summer to the fullest, full of adventure and magic. We look forward to sharing unforgettable moments with you in this wonderful nature.<\/p>\n<p>&nbsp;<\/p>\n<h4 class=\"xxxmsonormal\"><b><span lang=\"FI\"><img loading=\"lazy\" class=\"alignleft wp-image-1876 size-thumbnail\" src=\"http:\/\/uusi.syotteenerapalvelut.fi\/wp-content\/uploads\/2024\/05\/kanootti_jnaamankajarvi-150x150.jpg\" alt=\"\" width=\"150\" height=\"150\" \/><\/span><\/b><\/h4>\n<h4 class=\"xxxmsonormal\"><b><span lang=\"FI\">Canoening lake Naamanka\u00a0\u00a0\u00a0\u00a0\u00a0\u00a0\u00a0<\/span><\/b><\/h4>\n<p class=\"xxxmsonormal\"><span lang=\"FI\">See our beautiful nature of Sy\u00f6te with fjells from different perspective. Enjoy snacks and drink by the lake.<\/span><\/p>\n<p class=\"xxxmsonormal\"><span lang=\"FI\">price 70\u20ac\/person, duration 2,5 h, 4-24 persons ,<\/span><\/p>\n<p class=\"xxxmsonormal\"><span lang=\"FI\">(including quide services, lifevest, indian canoe, paddles, snacks)<\/span><\/p>\n<\/div>\n<div>\n<p>&nbsp;<\/p>\n<\/div>\n<div>\n<h4 class=\"xxxmsonormal\"><b><span lang=\"FI\"><img loading=\"lazy\" class=\"alignleft wp-image-1877 size-thumbnail\" src=\"http:\/\/uusi.syotteenerapalvelut.fi\/wp-content\/uploads\/2024\/05\/kanootti_parjanjoki-150x150.jpg\" alt=\"\" width=\"150\" height=\"150\" \/><\/span><\/b><\/h4>\n<h4 class=\"xxxmsonormal\"><b><span lang=\"FI\">Canoening river P\u00e4rj\u00e4njoki<\/span><\/b><span lang=\"FI\">\u00a0\u00a0\u00a0<\/span><b><\/b><\/h4>\n<\/div>\n<div>\n<p>Enjoy the beautiful nature by canoening on wild River P\u00e4rj\u00e4njoki.<\/p>\n<p>price 105\u20ac\/person, duration 4-5h, 4-24 persons<\/p>\n<p>(including quide services, lifevest, indian canoe, paddles, snacks)<\/p>\n<\/div>\n<div>\n<p>&nbsp;<\/p>\n<div>\n<h4 class=\"xxxmsonormal\"><b><span lang=\"FI\"><img loading=\"lazy\" class=\"alignleft wp-image-1878 size-thumbnail\" src=\"http:\/\/uusi.syotteenerapalvelut.fi\/wp-content\/uploads\/2024\/05\/rivertubing_2-150x150.jpg\" alt=\"\" width=\"150\" height=\"150\" \/>Rivertubing<\/span><\/b><\/h4>\n<\/div>\n<div>\n<p>Go with the flow! Paddle down for about five kilometers in wild River P\u00e4rj\u00e4njoki with silent rivertube.<\/p>\n<p>Price 80\u20ac\/person Duration 2,5h 4-12 persons (including quiding, wetsuit, vest, helmet, transfer)<\/p>\n<p><strong>In all water programmes swimming skills required<\/strong><\/p>\n<\/div>\n<div>\n<p>&nbsp;<\/p>\n<\/div>\n<\/div>\n<div>\n<h4 class=\"xxxmsonormal\"><b><span lang=\"FI\"><img loading=\"lazy\" class=\"alignleft wp-image-1865 size-thumbnail\" src=\"http:\/\/uusi.syotteenerapalvelut.fi\/wp-content\/uploads\/2024\/04\/kalastus-150x150.jpg\" alt=\"\" width=\"150\" height=\"150\" \/><\/span><\/b><\/h4>\n<h4 class=\"xxxmsonormal\"><b><span lang=\"FI\">Guided fishing<\/span><\/b><b><\/b><\/h4>\n<\/div>\n<div>\n<p class=\"xxxmsonormal\"><span lang=\"FI\">Fishing about 2-3 hour, price 55\u20ac\/person\u00a0\u00a0\u00a0\u00a0\u00a0\u00a0\u00a0\u00a0\u00a0\u00a0\u00a0\u00a0\u00a0 <\/span><\/p>\n<p class=\"xxxmsonormal\"><span lang=\"FI\">Fishing day about 5-6hours, price 95\u20ac\/person\u00a0\u00a0\u00a0\u00a0\u00a0\u00a0\u00a0\u00a0\u00a0\u00a0\u00a0\u00a0\u00a0 <\/span><\/p>\n<p class=\"xxxmsonormal\"><span lang=\"FI\">(license included to our prices, local local lisence, coverment lisence. T<\/span><span lang=\"FI\">ransfers for extra price)<\/span><\/p>\n<\/div>\n<p>&nbsp;<\/p>\n<div>\n<h4 class=\"xmsonormal\"><b><span lang=\"FI\"><img loading=\"lazy\" class=\"alignleft wp-image-1879 size-thumbnail\" src=\"http:\/\/uusi.syotteenerapalvelut.fi\/wp-content\/uploads\/2024\/05\/tarhavierailut-150x150.jpg\" alt=\"\" width=\"150\" height=\"150\" \/><\/span><\/b><\/h4>\n<h4 class=\"xmsonormal\"><b><span lang=\"FI\">Huskyfarm visit<\/span><\/b><b><\/b><\/h4>\n<\/div>\n<div>\n<p class=\"xmsonormal\"><span lang=\"FI\">Meet our lovely huskies at their home.<\/span><\/p>\n<p class=\"xmsonormal\"><span lang=\"FI\">our price 15\u20ac\/person , 1 h (for extra price transfer )<\/span><\/p>\n<\/div>\n<div><\/div>\n<div>\n<div>\n<p>&nbsp;<\/p>\n<h4><strong><span lang=\"FI\"><img loading=\"lazy\" class=\"alignleft wp-image-1883 size-thumbnail\" src=\"http:\/\/uusi.syotteenerapalvelut.fi\/wp-content\/uploads\/2024\/05\/vaellus-150x150.jpg\" alt=\"\" width=\"150\" height=\"150\" \/>Guide services<\/span><\/strong><\/h4>\n<p><span lang=\"FI\" style=\"font-family: 'Helvetica Neue LT W01_51488890', apple-system, BlinkMacSystemFont, 'Segoe UI', Roboto, Oxygen, Ubuntu, Cantarell, 'Open Sans', 'Helvetica Neue', sans-serif;\">50\u20ac \/hour\u00a0<\/span><\/p>\n<\/div>\n<\/div>\n<p>&nbsp;<\/p>\n<p>&nbsp;<\/p>\n<div>\n<div>\n<h4><\/h4>\n<h4 class=\"xmsonormal\"><b><span lang=\"FI\"><img loading=\"lazy\" class=\"alignleft wp-image-1884 size-thumbnail\" src=\"http:\/\/uusi.syotteenerapalvelut.fi\/wp-content\/uploads\/2024\/05\/turve-150x150.jpg\" alt=\"\" width=\"150\" height=\"150\" \/><strong>Sauna peat-treatment<\/strong><br \/>\n<\/span><\/b><\/h4>\n<p>in Romesuvanto wilderness camp<\/p>\n<p>price 50\u20ac\/person ,1-2h\u00a0 (for extra price towels, \u201dsauna-food\u201d and drinks),4-8 persons<\/p>\n<\/div>\n<div>\n<p>&nbsp;<\/p>\n<\/div>\n<\/div>\n<div>\n<h4><\/h4>\n<h4 class=\"xmsonormal\"><b><span lang=\"FI\"><img loading=\"lazy\" class=\"alignleft wp-image-1885 size-thumbnail\" src=\"http:\/\/uusi.syotteenerapalvelut.fi\/wp-content\/uploads\/2024\/05\/puuhali-150x150.jpg\" alt=\"\" width=\"150\" height=\"150\" \/><strong>Guided forest relaxation<\/strong><br \/>\n<\/span><\/b><\/h4>\n<\/div>\n<div>\n<p>&#8211; \u201dbreathing with trees\u201d 50\u20ac\/person<\/p>\n<p>(relaxation, streching)price 50\u20ac\/person, \u00a01-2 h , 4-10 person<\/p>\n<\/div>\n","protected":false},"excerpt":{"rendered":"<p>Welcome to Sy\u00f6te&#8217;s summer, where adventures await and memories are made. Our summer services transport you to enchanting landscapes in Sy\u00f6te National Park, where nature invites you to explore and enjoy. Experience the fascinating power of P\u00e4rj\u00e4njoki on a rivertubing trip. Or maybe you want to immerse yourself in peace and beauty by paddling in&hellip;<\/p>\n","protected":false},"author":2,"featured_media":1865,"parent":0,"menu_order":0,"comment_status":"closed","ping_status":"closed","template":"","meta":[],"lang":"en","translations":{"fi":1863,"en":1894},"_links":{"self":[{"href":"https:\/\/uusi.syotteenerapalvelut.fi\/index.php\/wp-json\/wp\/v2\/pages\/1894"}],"collection":[{"href":"https:\/\/uusi.syotteenerapalvelut.fi\/index.php\/wp-json\/wp\/v2\/pages"}],"about":[{"href":"https:\/\/uusi.syotteenerapalvelut.fi\/index.php\/wp-json\/wp\/v2\/types\/page"}],"author":[{"embeddable":true,"href":"https:\/\/uusi.syotteenerapalvelut.fi\/index.php\/wp-json\/wp\/v2\/users\/2"}],"replies":[{"embeddable":true,"href":"https:\/\/uusi.syotteenerapalvelut.fi\/index.php\/wp-json\/wp\/v2\/comments?post=1894"}],"version-history":[{"count":2,"href":"https:\/\/uusi.syotteenerapalvelut.fi\/index.php\/wp-json\/wp\/v2\/pages\/1894\/revisions"}],"predecessor-version":[{"id":1903,"href":"https:\/\/uusi.syotteenerapalvelut.fi\/index.php\/wp-json\/wp\/v2\/pages\/1894\/revisions\/1903"}],"wp:featuredmedia":[{"embeddable":true,"href":"https:\/\/uusi.syotteenerapalvelut.fi\/index.php\/wp-json\/wp\/v2\/media\/1865"}],"wp:attachment":[{"href":"https:\/\/uusi.syotteenerapalvelut.fi\/index.php\/wp-json\/wp\/v2\/media?parent=1894"}],"curies":[{"name":"wp","href":"https:\/\/api.w.org\/{rel}","templated":true}]}}